{"id":459,"date":"2024-01-06T00:30:38","date_gmt":"2024-01-06T00:30:38","guid":{"rendered":"https:\/\/hmd.hwd.mybluehost.me\/website_c8acb234\/?page_id=459"},"modified":"2025-02-01T23:26:15","modified_gmt":"2025-02-01T23:26:15","slug":"home","status":"publish","type":"page","link":"https:\/\/next-entertainment.ca\/fr\/","title":{"rendered":"Home"},"content":{"rendered":"\n<div class=\"popmake-120 wp-block-cover alignfull is-light\" style=\"min-height:720px;aspect-ratio:unset;\"><span aria-hidden=\"true\" class=\"wp-block-cover__background has-background-dim-0 has-background-dim\" style=\"background-color:#FFF\"><\/span><video class=\"wp-block-cover__video-background intrinsic-ignore\" autoplay muted loop playsinline src=\"https:\/\/next-entertainment.ca\/wp-content\/uploads\/2024\/06\/next-home-video.mp4\" data-object-fit=\"cover\"><\/video><div class=\"wp-block-cover__inner-container is-layout-flow wp-block-cover-is-layout-flow\">\n<div class=\"inherit-container-width wp-block-group alignwide is-layout-constrained wp-block-group-is-layout-constrained\">\n<h2 class=\"wp-block-heading has-ast-global-color-5-color has-text-color has-link-color wp-elements-24e2c8bbb935f970a6621bdaca1b0123\" style=\"font-size:36px;font-style:normal;font-weight:800;text-transform:uppercase\"><\/h2>\n\n\n\n<p class=\"has-ast-global-color-5-color has-text-color has-link-color wp-elements-239efc4fac5096bf44289a1c04469495\" style=\"font-size:30px;font-style:normal;font-weight:600;line-height:1.3;text-transform:uppercase\">\u00c9v\u00e9nements d&#8217;entreprise<br><br>Mariages<br><br>C\u00e9l\u00e9brations<\/p>\n\n\n\n<div class=\"wp-block-buttons is-layout-flex wp-block-buttons-is-layout-flex\">\n<div class=\"is-style-fill wp-block-button has-custom-width wp-block-button__width-25 popmake-1274\"><a class=\"wp-block-button__link has-background wp-element-button\" href=\"https:\/\/next-entertainment.ca\/fr\/nous-contacter\/\" style=\"background-color:#2d8bba\"><strong>R\u00c9SERVEZ MAINTENANT<\/strong><\/a><\/div>\n<\/div>\n<\/div>\n<\/div><\/div>\n\n\n\n<div class=\"wp-block-group alignfull has-ast-global-color-8-background-color has-background is-layout-constrained wp-container-core-group-is-layout-45b0ac4f wp-block-group-is-layout-constrained\" id=\"services\" style=\"padding-top:144px;padding-bottom:0px\">\n<h2 class=\"wp-block-heading has-ast-global-color-5-color has-text-color has-link-color wp-elements-c6edcd88bdee59a6357ca46fa986ede0\" style=\"font-size:42px;font-style:normal;font-weight:700\">Service complet de production d&#8217;\u00e9v\u00e9nements :<\/h2>\n\n\n\n<div class=\"wp-block-columns is-layout-flex wp-container-core-columns-is-layout-60cbf9bb wp-block-columns-is-layout-flex\" style=\"margin-top:50px\">\n<div class=\"wp-block-column is-layout-flow wp-container-core-column-is-layout-6b73ce23 wp-block-column-is-layout-flow\">\n<figure class=\"is-style-default wp-block-image size-full is-resized has-custom-border\"><img fetchpriority=\"high\" decoding=\"async\" width=\"960\" height=\"638\" src=\"https:\/\/next-entertainment.ca\/wp-content\/uploads\/2024\/02\/event-management-_10.jpg\" alt=\"\" class=\"has-border-color has-ast-global-color-5-border-color wp-image-424\" style=\"width:364px;height:auto\" srcset=\"https:\/\/next-entertainment.ca\/wp-content\/uploads\/2024\/02\/event-management-_10.jpg 960w, https:\/\/next-entertainment.ca\/wp-content\/uploads\/2024\/02\/event-management-_10-300x199.jpg 300w, https:\/\/next-entertainment.ca\/wp-content\/uploads\/2024\/02\/event-management-_10-768x510.jpg 768w\" sizes=\"(max-width: 960px) 100vw, 960px\" \/><\/figure>\n\n\n\n<h3 class=\"wp-block-heading has-ast-global-color-5-color has-text-color has-link-color wp-elements-b624a4e198a53b78e10b01420b9e3862\" style=\"margin-top:16px\">\u00c9v\u00e9nements d&#8217;entreprise<\/h3>\n\n\n\n<p class=\"has-ast-global-color-5-color has-text-color has-link-color wp-elements-996eaadaae50bebeeaf2a244338bdbda\">Vous organisez une f\u00eate d&#8217;entreprise, une r\u00e9union, un gala ou une collecte de fonds? Nous travaillons avec les plus grandes entreprises du Canada pour cr\u00e9er des \u00e9v\u00e9nements et des exp\u00e9riences extraordinaires qui repr\u00e9sentent leur marque.<\/p>\n<\/div>\n\n\n\n<div class=\"wp-block-column is-layout-flow wp-container-core-column-is-layout-6b73ce23 wp-block-column-is-layout-flow\">\n<figure class=\"is-style-default wp-block-image size-full is-resized has-custom-border\"><img decoding=\"async\" width=\"1024\" height=\"683\" src=\"https:\/\/next-entertainment.ca\/wp-content\/uploads\/2024\/02\/Wedding-Decoration-Services_13.jpg\" alt=\"\" class=\"has-border-color has-ast-global-color-5-border-color wp-image-109\" style=\"width:367px;height:auto\" srcset=\"https:\/\/next-entertainment.ca\/wp-content\/uploads\/2024\/02\/Wedding-Decoration-Services_13.jpg 1024w, https:\/\/next-entertainment.ca\/wp-content\/uploads\/2024\/02\/Wedding-Decoration-Services_13-300x200.jpg 300w, https:\/\/next-entertainment.ca\/wp-content\/uploads\/2024\/02\/Wedding-Decoration-Services_13-768x512.jpg 768w\" sizes=\"(max-width: 1024px) 100vw, 1024px\" \/><\/figure>\n\n\n\n<h3 class=\"wp-block-heading has-ast-global-color-5-color has-text-color has-link-color wp-elements-ca531bded01bb197ca66ab160f4cff4c\" style=\"margin-top:16px\">Mariages<\/h3>\n\n\n\n<p class=\"has-ast-global-color-5-color has-text-color has-link-color wp-elements-0cf082fcacdfd5b9d68c152f8f27ff2f\">Nous organisons des mariages de toutes tailles et fournissons des DJ, des musiciens, du mat\u00e9riel de sonorisation, de l&#8217;\u00e9clairage, du mat\u00e9riel audiovisuel, des pistes de danse et des locations de mobilier en lesquels vous pouvez avoir confiance.<\/p>\n<\/div>\n\n\n\n<div class=\"wp-block-column is-layout-flow wp-container-core-column-is-layout-6b73ce23 wp-block-column-is-layout-flow\">\n<figure class=\"is-style-default wp-block-image size-full is-resized has-custom-border\"><img decoding=\"async\" width=\"1500\" height=\"1001\" src=\"https:\/\/next-entertainment.ca\/wp-content\/uploads\/2024\/02\/Event-Management-_15.jpg\" alt=\"\" class=\"has-border-color has-ast-global-color-5-border-color wp-image-108\" style=\"width:372px;height:auto\" srcset=\"https:\/\/next-entertainment.ca\/wp-content\/uploads\/2024\/02\/Event-Management-_15.jpg 1500w, https:\/\/next-entertainment.ca\/wp-content\/uploads\/2024\/02\/Event-Management-_15-300x200.jpg 300w, https:\/\/next-entertainment.ca\/wp-content\/uploads\/2024\/02\/Event-Management-_15-1024x683.jpg 1024w, https:\/\/next-entertainment.ca\/wp-content\/uploads\/2024\/02\/Event-Management-_15-768x513.jpg 768w\" sizes=\"(max-width: 1500px) 100vw, 1500px\" \/><\/figure>\n\n\n\n<h3 class=\"wp-block-heading has-ast-global-color-5-color has-text-color has-link-color wp-elements-00eeb3dd00232804316ffea9be0c716f\" style=\"margin-top:16px\">C\u00e9l\u00e9brations<\/h3>\n\n\n\n<p class=\"has-ast-global-color-5-color has-text-color has-link-color wp-elements-9e7103bd079ced0705e2f21ffeed74b8\">Faites de votre prochain anniversaire ou de votre prochaine simcha un \u00e9v\u00e9nement sp\u00e9cial en faisant appel \u00e0 un producteur d&#8217;\u00e9v\u00e9nements qui s&#8217;assurera que vous cr\u00e9ez des souvenirs qui dureront toute une vie!<\/p>\n<\/div>\n<\/div>\n<\/div>\n\n\n\n<div class=\"wp-block-group alignfull has-ast-global-color-8-background-color has-background is-layout-constrained wp-block-group-is-layout-constrained\" id=\"about\" style=\"padding-top:143px;padding-bottom:144px\">\n<div class=\"wp-block-columns is-layout-flex wp-container-core-columns-is-layout-28f84493 wp-block-columns-is-layout-flex\">\n<div class=\"wp-block-column is-layout-flow wp-block-column-is-layout-flow\" style=\"flex-basis:100%\">\n<div class=\"wp-block-columns is-layout-flex wp-container-core-columns-is-layout-28f84493 wp-block-columns-is-layout-flex\">\n<div class=\"wp-block-column is-layout-flow wp-block-column-is-layout-flow\" style=\"flex-basis:100%\">\n<div class=\"wp-block-columns is-layout-flex wp-container-core-columns-is-layout-28f84493 wp-block-columns-is-layout-flex\">\n<div class=\"wp-block-column is-layout-flow wp-block-column-is-layout-flow\">\n<div class=\"inherit-container-width wp-block-group is-layout-constrained wp-container-core-group-is-layout-47ce07ec wp-block-group-is-layout-constrained\" style=\"padding-right:80px\">\n<h2 class=\"wp-block-heading has-ast-global-color-5-color has-text-color has-link-color wp-elements-158f57228f9c7ca5bf919dc0e8763b82\" style=\"padding-right:40px;font-size:37px;font-style:normal;font-weight:700\">Comment proc\u00e9dons-nous?<\/h2>\n\n\n\n<p class=\"has-ast-global-color-5-color has-text-color has-link-color wp-elements-b64a3d8f62bce04d1c04b4e0532f0a2e\">Nos professionnels exp\u00e9riment\u00e9s ont plus de 20 ans d&#8217;exp\u00e9rience dans la production d&#8217;\u00e9v\u00e9nements ! Nous travaillons avec chacun de nos clients pour offrir des services qui sont uniques \u00e0 leur vision, y compris:<\/p>\n\n\n\n<ul class=\"wp-block-list\">\n<li class=\"\">Divertissements (DJs, MCs, Jazz Performers)<\/li>\n\n\n\n<li class=\"\">Mat\u00e9riel de sonorisation<\/li>\n\n\n\n<li class=\"\">\u00c9clairage de la piste de danse<\/li>\n\n\n\n<li class=\"\">\u00c9clairage d&#8217;ambiance<\/li>\n\n\n\n<li class=\"\">Drapage (noir, blanc, LED)<\/li>\n\n\n\n<li class=\"\">Location de pistes de danse<\/li>\n\n\n\n<li class=\"\">Ecrans de projection (TV, \u00e9crans, murs LED)<\/li>\n\n\n\n<li class=\"\">Mise en sc\u00e8ne<\/li>\n\n\n\n<li class=\"\">Location de mobilier<\/li>\n<\/ul>\n<\/div>\n<\/div>\n\n\n\n<div class=\"wp-block-column is-layout-flow wp-container-core-column-is-layout-f8561097 wp-block-column-is-layout-flow\" style=\"border-style:none;border-width:0px;padding-top:0;padding-right:0;padding-bottom:0;padding-left:0;flex-basis:700px\">\n<figure class=\"wp-block-video\"><video height=\"1080\" style=\"aspect-ratio: 1920 \/ 1080;\" width=\"1920\" autoplay muted src=\"https:\/\/next-entertainment.ca\/wp-content\/uploads\/2024\/01\/2.mp4\"><\/video><\/figure>\n<\/div>\n<\/div>\n<\/div>\n<\/div>\n<\/div>\n<\/div>\n<\/div>\n\n\n\n<div class=\"wp-block-group alignfull has-ast-global-color-4-background-color has-background is-layout-constrained wp-container-core-group-is-layout-6a2cfb7b wp-block-group-is-layout-constrained\" id=\"reviews\">\n<p class=\"has-text-align-center\" style=\"font-size:22px;line-height:1.6\">&#8220;Nous n&#8217;avons eu que des commentaires \u00e9logieux de la part de nos invit\u00e9s et, sans l&#8217;ombre d&#8217;un doute, nous recommanderons vos services \u00e0 tous ceux qui en feront la demande&#8221;<\/p>\n\n\n\n<p class=\"has-text-align-center has-ast-global-color-8-color has-text-color has-link-color wp-elements-8b034f017da6ff7595efa28bc38f4348\"><strong>\u00c9v\u00e9nement priv\u00e9, 2023<\/strong><\/p>\n<\/div>\n\n\n\n<div class=\"wp-block-group alignfull has-ast-global-color-0-background-color has-background is-content-justification-center is-layout-constrained wp-container-core-group-is-layout-644f9eea wp-block-group-is-layout-constrained\" id=\"contact\" style=\"padding-top:104px;padding-right:0;padding-bottom:104px;padding-left:0;background-image:url(&apos;https:\/\/next-entertainment.ca\/wp-content\/uploads\/2024\/03\/DSC09421-scaled.jpg&apos;);background-size:cover;\">\n<h2 class=\"wp-block-heading has-text-align-left has-text-color\" style=\"color:#ffffff;font-size:50px\">Votre \u00e9v\u00e9nement parfait commence maintenant!<\/h2>\n\n\n\n<div class=\"wp-block-buttons is-layout-flex wp-block-buttons-is-layout-flex\">\n<div class=\"is-style-fill wp-block-button has-custom-width wp-block-button__width-25 popmake-120\"><a class=\"wp-block-button__link has-background wp-element-button\" style=\"background-color:#2d8bba\"><strong>R\u00c9SERVEZ<\/strong><\/a><\/div>\n<\/div>\n<\/div>\n","protected":false},"excerpt":{"rendered":"<p>Service complet de production d&#8217;\u00e9v\u00e9nements : \u00c9v\u00e9nements d&#8217;entreprise Vous organisez une f\u00eate d&#8217;entreprise, une r\u00e9union, un gala ou une collecte [&hellip;]<\/p>\n","protected":false},"author":1,"featured_media":0,"parent":0,"menu_order":0,"comment_status":"closed","ping_status":"closed","template":"","meta":{"nf_dc_page":"","site-sidebar-layout":"no-sidebar","site-content-layout":"plain-container","ast-site-content-layout":"default","site-content-style":"default","site-sidebar-style":"default","ast-global-header-display":"","ast-banner-title-visibility":"","ast-main-header-display":"","ast-hfb-above-header-display":"","ast-hfb-below-header-display":"","ast-hfb-mobile-header-display":"","site-post-title":"disabled","ast-breadcrumbs-content":"","ast-featured-img":"","footer-sml-layout":"","ast-disable-related-posts":"","theme-transparent-header-meta":"enabled","adv-header-id-meta":"","stick-header-meta":"","header-above-stick-meta":"","header-main-stick-meta":"","header-below-stick-meta":"","astra-migrate-meta-layouts":"default","ast-page-background-enabled":"default","ast-page-background-meta":{"desktop":{"background-color":"var(--ast-global-color-4)","background-image":"","background-repeat":"repeat","background-position":"center center","background-size":"auto","background-attachment":"scroll","background-type":"","background-media":"","overlay-type":"","overlay-color":"","overlay-opacity":"","overlay-gradient":""},"tablet":{"background-color":"","background-image":"","background-repeat":"repeat","background-position":"center center","background-size":"auto","background-attachment":"scroll","background-type":"","background-media":"","overlay-type":"","overlay-color":"","overlay-opacity":"","overlay-gradient":""},"mobile":{"background-color":"","background-image":"","background-repeat":"repeat","background-position":"center center","background-size":"auto","background-attachment":"scroll","background-type":"","background-media":"","overlay-type":"","overlay-color":"","overlay-opacity":"","overlay-gradient":""}},"ast-content-background-meta":{"desktop":{"background-color":"var(--ast-global-color-5)","background-image":"","background-repeat":"repeat","background-position":"center center","background-size":"auto","background-attachment":"scroll","background-type":"","background-media":"","overlay-type":"","overlay-color":"","overlay-opacity":"","overlay-gradient":""},"tablet":{"background-color":"var(--ast-global-color-5)","background-image":"","background-repeat":"repeat","background-position":"center center","background-size":"auto","background-attachment":"scroll","background-type":"","background-media":"","overlay-type":"","overlay-color":"","overlay-opacity":"","overlay-gradient":""},"mobile":{"background-color":"var(--ast-global-color-5)","background-image":"","background-repeat":"repeat","background-position":"center center","background-size":"auto","background-attachment":"scroll","background-type":"","background-media":"","overlay-type":"","overlay-color":"","overlay-opacity":"","overlay-gradient":""}},"pgc_sgb_lightbox_settings":"","footnotes":""},"class_list":["post-459","page","type-page","status-publish","hentry"],"aioseo_notices":[],"_links":{"self":[{"href":"https:\/\/next-entertainment.ca\/fr\/wp-json\/wp\/v2\/pages\/459","targetHints":{"allow":["GET"]}}],"collection":[{"href":"https:\/\/next-entertainment.ca\/fr\/wp-json\/wp\/v2\/pages"}],"about":[{"href":"https:\/\/next-entertainment.ca\/fr\/wp-json\/wp\/v2\/types\/page"}],"author":[{"embeddable":true,"href":"https:\/\/next-entertainment.ca\/fr\/wp-json\/wp\/v2\/users\/1"}],"replies":[{"embeddable":true,"href":"https:\/\/next-entertainment.ca\/fr\/wp-json\/wp\/v2\/comments?post=459"}],"version-history":[{"count":8,"href":"https:\/\/next-entertainment.ca\/fr\/wp-json\/wp\/v2\/pages\/459\/revisions"}],"predecessor-version":[{"id":1308,"href":"https:\/\/next-entertainment.ca\/fr\/wp-json\/wp\/v2\/pages\/459\/revisions\/1308"}],"wp:attachment":[{"href":"https:\/\/next-entertainment.ca\/fr\/wp-json\/wp\/v2\/media?parent=459"}],"curies":[{"name":"wp","href":"https:\/\/api.w.org\/{rel}","templated":true}]}}