{"id":470,"date":"2024-02-05T18:12:45","date_gmt":"2024-02-05T18:12:45","guid":{"rendered":"https:\/\/hmd.hwd.mybluehost.me\/website_c8acb234\/?page_id=470"},"modified":"2024-05-26T20:45:45","modified_gmt":"2024-05-26T19:45:45","slug":"services","status":"publish","type":"page","link":"https:\/\/next-entertainment.ca\/fr\/services\/","title":{"rendered":"Nos services:"},"content":{"rendered":"\n<h2 class=\"wp-block-heading has-text-align-center\"><strong>Commencez \u00e0 planifier votre \u00e9v\u00e9nement avec la quintessence de l&#8217;offre DJ!<\/strong><\/h2>\n\n\n\n<p class=\"has-medium-font-size\"><strong>Forfait Bronze:<\/strong><\/p>\n\n\n\n<p>Comprend un DJ professionnel, un syst\u00e8me de sonorisation, une cabine de DJ, du mat\u00e9riel de DJ et des microphones.<\/p>\n\n\n\n<div class=\"wp-block-columns is-layout-flex wp-container-core-columns-is-layout-a5331a9e wp-block-columns-is-layout-flex\" style=\"padding-top:0;padding-right:0;padding-bottom:0;padding-left:0\">\n<div class=\"wp-block-column is-layout-flow wp-block-column-is-layout-flow\">\n<figure class=\"wp-block-image size-large has-custom-border\"><img fetchpriority=\"high\" decoding=\"async\" width=\"1024\" height=\"681\" src=\"https:\/\/next-entertainment.ca\/wp-content\/uploads\/2024\/03\/DSC09436-1024x681.jpg\" alt=\"\" class=\"has-border-color has-ast-global-color-5-border-color wp-image-665\" srcset=\"https:\/\/next-entertainment.ca\/wp-content\/uploads\/2024\/03\/DSC09436-1024x681.jpg 1024w, https:\/\/next-entertainment.ca\/wp-content\/uploads\/2024\/03\/DSC09436-300x199.jpg 300w, https:\/\/next-entertainment.ca\/wp-content\/uploads\/2024\/03\/DSC09436-768x511.jpg 768w, https:\/\/next-entertainment.ca\/wp-content\/uploads\/2024\/03\/DSC09436-1536x1021.jpg 1536w, https:\/\/next-entertainment.ca\/wp-content\/uploads\/2024\/03\/DSC09436-2048x1362.jpg 2048w\" sizes=\"(max-width: 1024px) 100vw, 1024px\" \/><\/figure>\n<\/div>\n\n\n\n<div class=\"wp-block-column is-layout-flow wp-block-column-is-layout-flow\">\n<figure class=\"wp-block-image size-full has-custom-border\"><img decoding=\"async\" width=\"2560\" height=\"1702\" src=\"https:\/\/next-entertainment.ca\/wp-content\/uploads\/2024\/03\/DSC09422-scaled.jpg\" alt=\"\" class=\"has-border-color has-ast-global-color-5-border-color wp-image-637\" srcset=\"https:\/\/next-entertainment.ca\/wp-content\/uploads\/2024\/03\/DSC09422-scaled.jpg 2560w, https:\/\/next-entertainment.ca\/wp-content\/uploads\/2024\/03\/DSC09422-300x199.jpg 300w, https:\/\/next-entertainment.ca\/wp-content\/uploads\/2024\/03\/DSC09422-1024x681.jpg 1024w, https:\/\/next-entertainment.ca\/wp-content\/uploads\/2024\/03\/DSC09422-768x511.jpg 768w, https:\/\/next-entertainment.ca\/wp-content\/uploads\/2024\/03\/DSC09422-1536x1021.jpg 1536w, https:\/\/next-entertainment.ca\/wp-content\/uploads\/2024\/03\/DSC09422-2048x1362.jpg 2048w\" sizes=\"(max-width: 2560px) 100vw, 2560px\" \/><\/figure>\n<\/div>\n\n\n\n<div class=\"wp-block-column is-layout-flow wp-block-column-is-layout-flow\">\n<figure class=\"wp-block-image size-large has-custom-border\"><img decoding=\"async\" width=\"1024\" height=\"681\" src=\"https:\/\/next-entertainment.ca\/wp-content\/uploads\/2024\/03\/DSC09440-1024x681.jpg\" alt=\"\" class=\"has-border-color has-ast-global-color-5-border-color wp-image-673\" srcset=\"https:\/\/next-entertainment.ca\/wp-content\/uploads\/2024\/03\/DSC09440-1024x681.jpg 1024w, https:\/\/next-entertainment.ca\/wp-content\/uploads\/2024\/03\/DSC09440-300x199.jpg 300w, https:\/\/next-entertainment.ca\/wp-content\/uploads\/2024\/03\/DSC09440-768x511.jpg 768w, https:\/\/next-entertainment.ca\/wp-content\/uploads\/2024\/03\/DSC09440-1536x1021.jpg 1536w, https:\/\/next-entertainment.ca\/wp-content\/uploads\/2024\/03\/DSC09440-2048x1362.jpg 2048w\" sizes=\"(max-width: 1024px) 100vw, 1024px\" \/><\/figure>\n<\/div>\n<\/div>\n\n\n\n<div style=\"height:31px\" aria-hidden=\"true\" class=\"wp-block-spacer\"><\/div>\n\n\n\n<h2 class=\"wp-block-heading\"><strong>Forfait Silver:<\/strong><\/h2>\n\n\n\n<p>Comprend un DJ professionnel, un syst\u00e8me de sonorisation, une cabine de DJ, du mat\u00e9riel de DJ, des microphones, un photobooth, des tubes LED et un \u00e9clairage de base\/automatis\u00e9 de la piste de danse.<\/p>\n\n\n\n<div class=\"wp-block-columns is-layout-flex wp-container-core-columns-is-layout-a5331a9e wp-block-columns-is-layout-flex\" style=\"padding-top:0;padding-right:0;padding-bottom:0;padding-left:0\">\n<div class=\"wp-block-column is-layout-flow wp-block-column-is-layout-flow\">\n<figure class=\"wp-block-image size-large has-custom-border\"><img loading=\"lazy\" decoding=\"async\" width=\"1024\" height=\"683\" src=\"https:\/\/next-entertainment.ca\/wp-content\/uploads\/2024\/03\/DSC09411-1024x683.jpg\" alt=\"\" class=\"has-border-color has-ast-global-color-5-border-color wp-image-615\" srcset=\"https:\/\/next-entertainment.ca\/wp-content\/uploads\/2024\/03\/DSC09411-1024x683.jpg 1024w, https:\/\/next-entertainment.ca\/wp-content\/uploads\/2024\/03\/DSC09411-300x200.jpg 300w, https:\/\/next-entertainment.ca\/wp-content\/uploads\/2024\/03\/DSC09411-768x512.jpg 768w, https:\/\/next-entertainment.ca\/wp-content\/uploads\/2024\/03\/DSC09411-1536x1024.jpg 1536w, https:\/\/next-entertainment.ca\/wp-content\/uploads\/2024\/03\/DSC09411.jpg 1968w\" sizes=\"(max-width: 1024px) 100vw, 1024px\" \/><\/figure>\n<\/div>\n\n\n\n<div class=\"wp-block-column is-layout-flow wp-block-column-is-layout-flow\">\n<figure class=\"wp-block-image size-large has-custom-border\"><img loading=\"lazy\" decoding=\"async\" width=\"1024\" height=\"681\" src=\"https:\/\/next-entertainment.ca\/wp-content\/uploads\/2024\/03\/DSC09409-1024x681.jpg\" alt=\"\" class=\"has-border-color has-ast-global-color-5-border-color wp-image-611\" srcset=\"https:\/\/next-entertainment.ca\/wp-content\/uploads\/2024\/03\/DSC09409-1024x681.jpg 1024w, https:\/\/next-entertainment.ca\/wp-content\/uploads\/2024\/03\/DSC09409-300x199.jpg 300w, https:\/\/next-entertainment.ca\/wp-content\/uploads\/2024\/03\/DSC09409-768x511.jpg 768w, https:\/\/next-entertainment.ca\/wp-content\/uploads\/2024\/03\/DSC09409-1536x1021.jpg 1536w, https:\/\/next-entertainment.ca\/wp-content\/uploads\/2024\/03\/DSC09409-2048x1362.jpg 2048w\" sizes=\"(max-width: 1024px) 100vw, 1024px\" \/><\/figure>\n<\/div>\n\n\n\n<div class=\"wp-block-column is-layout-flow wp-block-column-is-layout-flow\">\n<figure class=\"wp-block-image size-large has-custom-border\"><img loading=\"lazy\" decoding=\"async\" width=\"1024\" height=\"681\" src=\"https:\/\/next-entertainment.ca\/wp-content\/uploads\/2024\/03\/DSC09399-1024x681.jpg\" alt=\"\" class=\"has-border-color has-ast-global-color-5-border-color wp-image-603\" srcset=\"https:\/\/next-entertainment.ca\/wp-content\/uploads\/2024\/03\/DSC09399-1024x681.jpg 1024w, https:\/\/next-entertainment.ca\/wp-content\/uploads\/2024\/03\/DSC09399-300x199.jpg 300w, https:\/\/next-entertainment.ca\/wp-content\/uploads\/2024\/03\/DSC09399-768x511.jpg 768w, https:\/\/next-entertainment.ca\/wp-content\/uploads\/2024\/03\/DSC09399-1536x1021.jpg 1536w, https:\/\/next-entertainment.ca\/wp-content\/uploads\/2024\/03\/DSC09399-2048x1362.jpg 2048w\" sizes=\"(max-width: 1024px) 100vw, 1024px\" \/><\/figure>\n<\/div>\n<\/div>\n\n\n\n<div style=\"height:31px\" aria-hidden=\"true\" class=\"wp-block-spacer\"><\/div>\n\n\n\n<h2 class=\"wp-block-heading\">Forfait Gold:<\/h2>\n\n\n\n<p>Comprend un DJ professionnel, un syst\u00e8me de sonorisation, une cabine de DJ, du mat\u00e9riel de DJ, des microphones, un photobooth et un \u00e9clairage avanc\u00e9 de la piste de danse avec un op\u00e9rateur d&#8217;\u00e9clairage professionnel.<\/p>\n\n\n\n<div class=\"wp-block-columns is-layout-flex wp-container-core-columns-is-layout-a5331a9e wp-block-columns-is-layout-flex\" style=\"padding-top:0;padding-right:0;padding-bottom:0;padding-left:0\">\n<div class=\"wp-block-column is-layout-flow wp-block-column-is-layout-flow\">\n<figure class=\"wp-block-image size-large has-custom-border\"><img loading=\"lazy\" decoding=\"async\" width=\"1024\" height=\"681\" src=\"https:\/\/next-entertainment.ca\/wp-content\/uploads\/2024\/03\/DSC09448-1024x681.jpg\" alt=\"\" class=\"has-border-color has-ast-global-color-5-border-color wp-image-687\" srcset=\"https:\/\/next-entertainment.ca\/wp-content\/uploads\/2024\/03\/DSC09448-1024x681.jpg 1024w, https:\/\/next-entertainment.ca\/wp-content\/uploads\/2024\/03\/DSC09448-300x199.jpg 300w, https:\/\/next-entertainment.ca\/wp-content\/uploads\/2024\/03\/DSC09448-768x511.jpg 768w, https:\/\/next-entertainment.ca\/wp-content\/uploads\/2024\/03\/DSC09448-1536x1021.jpg 1536w, https:\/\/next-entertainment.ca\/wp-content\/uploads\/2024\/03\/DSC09448-2048x1362.jpg 2048w\" sizes=\"(max-width: 1024px) 100vw, 1024px\" \/><\/figure>\n<\/div>\n\n\n\n<div class=\"wp-block-column is-layout-flow wp-block-column-is-layout-flow\">\n<figure class=\"wp-block-image size-large has-custom-border\"><img loading=\"lazy\" decoding=\"async\" width=\"1024\" height=\"681\" src=\"https:\/\/next-entertainment.ca\/wp-content\/uploads\/2024\/03\/DSC09435-1024x681.jpg\" alt=\"\" class=\"has-border-color has-ast-global-color-5-border-color wp-image-663\" srcset=\"https:\/\/next-entertainment.ca\/wp-content\/uploads\/2024\/03\/DSC09435-1024x681.jpg 1024w, https:\/\/next-entertainment.ca\/wp-content\/uploads\/2024\/03\/DSC09435-300x199.jpg 300w, https:\/\/next-entertainment.ca\/wp-content\/uploads\/2024\/03\/DSC09435-768x511.jpg 768w, https:\/\/next-entertainment.ca\/wp-content\/uploads\/2024\/03\/DSC09435-1536x1021.jpg 1536w, https:\/\/next-entertainment.ca\/wp-content\/uploads\/2024\/03\/DSC09435-2048x1362.jpg 2048w\" sizes=\"(max-width: 1024px) 100vw, 1024px\" \/><\/figure>\n<\/div>\n\n\n\n<div class=\"wp-block-column is-layout-flow wp-block-column-is-layout-flow\">\n<figure class=\"wp-block-image size-large has-custom-border\"><img loading=\"lazy\" decoding=\"async\" width=\"1024\" height=\"681\" src=\"https:\/\/next-entertainment.ca\/wp-content\/uploads\/2024\/03\/DSC09444-1024x681.jpg\" alt=\"\" class=\"has-border-color has-ast-global-color-5-border-color wp-image-679\" srcset=\"https:\/\/next-entertainment.ca\/wp-content\/uploads\/2024\/03\/DSC09444-1024x681.jpg 1024w, https:\/\/next-entertainment.ca\/wp-content\/uploads\/2024\/03\/DSC09444-300x199.jpg 300w, https:\/\/next-entertainment.ca\/wp-content\/uploads\/2024\/03\/DSC09444-768x511.jpg 768w, https:\/\/next-entertainment.ca\/wp-content\/uploads\/2024\/03\/DSC09444-1536x1021.jpg 1536w, https:\/\/next-entertainment.ca\/wp-content\/uploads\/2024\/03\/DSC09444-2048x1362.jpg 2048w\" sizes=\"(max-width: 1024px) 100vw, 1024px\" \/><\/figure>\n<\/div>\n<\/div>\n\n\n\n<div style=\"height:24px\" aria-hidden=\"true\" class=\"wp-block-spacer\"><\/div>\n\n\n\n<p><strong>Ajouter des services suppl\u00e9mentaires \u00e0 la carte:<\/strong><\/p>\n\n\n\n<ul class=\"wp-block-list\">\n<li>Divertissements (animateurs professionnels, artistes de jazz, groupes de reprises, artistes Tam Tam)<\/li>\n\n\n\n<li>Location de mat\u00e9riel de sonorisation<\/li>\n\n\n\n<li>\u00c9clairage d&#8217;ambiance (\u00e9clairage d&#8217;appoint par LED)<\/li>\n\n\n\n<li>\u00c9clairage Pinspot<\/li>\n\n\n\n<li>Drapage (noir, blanc, LED)<\/li>\n\n\n\n<li>Location de pistes de danse<\/li>\n\n\n\n<li>\u00c9crans de projection (t\u00e9l\u00e9viseurs, \u00e9crans, murs LED)<\/li>\n\n\n\n<li>Mise en sc\u00e8ne<\/li>\n\n\n\n<li>Location de meubles<\/li>\n<\/ul>\n\n\n\n<div class=\"wp-block-group alignfull has-ast-global-color-0-background-color has-background is-content-justification-center is-layout-constrained wp-container-core-group-is-layout-644f9eea wp-block-group-is-layout-constrained\" id=\"contact\" style=\"padding-top:104px;padding-right:0;padding-bottom:104px;padding-left:0;background-image:url(&apos;https:\/\/next-entertainment.ca\/wp-content\/uploads\/2024\/03\/DSC09421-scaled.jpg&apos;);background-size:cover;\">\n<h2 class=\"wp-block-heading has-text-align-left has-text-color\" style=\"color:#ffffff;font-size:50px\">Votre \u00e9v\u00e9nement parfait commence maintenant!<\/h2>\n\n\n\n<div class=\"wp-block-buttons is-layout-flex wp-block-buttons-is-layout-flex\">\n<div class=\"wp-block-button has-custom-width wp-block-button__width-25 is-style-fill popmake-120\"><a class=\"wp-block-button__link has-background wp-element-button\" style=\"background-color:#2d8bba\"><strong>R\u00c9SERVEZ<\/strong><\/a><\/div>\n<\/div>\n<\/div>\n","protected":false},"excerpt":{"rendered":"<p>Commencez \u00e0 planifier votre \u00e9v\u00e9nement avec la quintessence de l&#8217;offre DJ! Forfait Bronze: Comprend un DJ professionnel, un syst\u00e8me de [&hellip;]<\/p>\n","protected":false},"author":1,"featured_media":0,"parent":0,"menu_order":0,"comment_status":"closed","ping_status":"closed","template":"","meta":{"nf_dc_page":"","site-sidebar-layout":"default","site-content-layout":"","ast-site-content-layout":"default","site-content-style":"default","site-sidebar-style":"default","ast-global-header-display":"","ast-banner-title-visibility":"","ast-main-header-display":"","ast-hfb-above-header-display":"","ast-hfb-below-header-display":"","ast-hfb-mobile-header-display":"","site-post-title":"","ast-breadcrumbs-content":"","ast-featured-img":"","footer-sml-layout":"","ast-disable-related-posts":"","theme-transparent-header-meta":"","adv-header-id-meta":"","stick-header-meta":"","header-above-stick-meta":"","header-main-stick-meta":"","header-below-stick-meta":"","astra-migrate-meta-layouts":"default","ast-page-background-enabled":"default","ast-page-background-meta":{"desktop":{"background-color":"var(--ast-global-color-4)","background-image":"","background-repeat":"repeat","background-position":"center center","background-size":"auto","background-attachment":"scroll","background-type":"","background-media":"","overlay-type":"","overlay-color":"","overlay-opacity":"","overlay-gradient":""},"tablet":{"background-color":"","background-image":"","background-repeat":"repeat","background-position":"center center","background-size":"auto","background-attachment":"scroll","background-type":"","background-media":"","overlay-type":"","overlay-color":"","overlay-opacity":"","overlay-gradient":""},"mobile":{"background-color":"","background-image":"","background-repeat":"repeat","background-position":"center center","background-size":"auto","background-attachment":"scroll","background-type":"","background-media":"","overlay-type":"","overlay-color":"","overlay-opacity":"","overlay-gradient":""}},"ast-content-background-meta":{"desktop":{"background-color":"var(--ast-global-color-5)","background-image":"","background-repeat":"repeat","background-position":"center center","background-size":"auto","background-attachment":"scroll","background-type":"","background-media":"","overlay-type":"","overlay-color":"","overlay-opacity":"","overlay-gradient":""},"tablet":{"background-color":"var(--ast-global-color-5)","background-image":"","background-repeat":"repeat","background-position":"center center","background-size":"auto","background-attachment":"scroll","background-type":"","background-media":"","overlay-type":"","overlay-color":"","overlay-opacity":"","overlay-gradient":""},"mobile":{"background-color":"var(--ast-global-color-5)","background-image":"","background-repeat":"repeat","background-position":"center center","background-size":"auto","background-attachment":"scroll","background-type":"","background-media":"","overlay-type":"","overlay-color":"","overlay-opacity":"","overlay-gradient":""}},"pgc_sgb_lightbox_settings":"","footnotes":""},"class_list":["post-470","page","type-page","status-publish","hentry"],"aioseo_notices":[],"_links":{"self":[{"href":"https:\/\/next-entertainment.ca\/fr\/wp-json\/wp\/v2\/pages\/470","targetHints":{"allow":["GET"]}}],"collection":[{"href":"https:\/\/next-entertainment.ca\/fr\/wp-json\/wp\/v2\/pages"}],"about":[{"href":"https:\/\/next-entertainment.ca\/fr\/wp-json\/wp\/v2\/types\/page"}],"author":[{"embeddable":true,"href":"https:\/\/next-entertainment.ca\/fr\/wp-json\/wp\/v2\/users\/1"}],"replies":[{"embeddable":true,"href":"https:\/\/next-entertainment.ca\/fr\/wp-json\/wp\/v2\/comments?post=470"}],"version-history":[{"count":7,"href":"https:\/\/next-entertainment.ca\/fr\/wp-json\/wp\/v2\/pages\/470\/revisions"}],"predecessor-version":[{"id":1179,"href":"https:\/\/next-entertainment.ca\/fr\/wp-json\/wp\/v2\/pages\/470\/revisions\/1179"}],"wp:attachment":[{"href":"https:\/\/next-entertainment.ca\/fr\/wp-json\/wp\/v2\/media?parent=470"}],"curies":[{"name":"wp","href":"https:\/\/api.w.org\/{rel}","templated":true}]}}