{"id":472,"date":"2024-02-15T16:02:53","date_gmt":"2024-02-15T16:02:53","guid":{"rendered":"https:\/\/hmd.hwd.mybluehost.me\/website_c8acb234\/?page_id=472"},"modified":"2024-05-09T21:31:30","modified_gmt":"2024-05-09T20:31:30","slug":"a-propos-de-nous","status":"publish","type":"page","link":"https:\/\/next-entertainment.ca\/fr\/a-propos-de-nous\/","title":{"rendered":"\u00c0 propos de nous"},"content":{"rendered":"\n<div class=\"wp-block-columns is-layout-flex wp-container-core-columns-is-layout-a5331a9e wp-block-columns-is-layout-flex\" style=\"padding-top:0;padding-right:0;padding-bottom:0;padding-left:0\">\n<div class=\"wp-block-column is-layout-flow wp-block-column-is-layout-flow\" style=\"flex-basis:33.33%\">\n<div style=\"height:31px\" aria-hidden=\"true\" class=\"wp-block-spacer\"><\/div>\n\n\n\n<h2 class=\"wp-block-heading\" style=\"padding-right:40px;font-size:37px\">Qui sommes-nous?<\/h2>\n\n\n\n<p>Notre \u00e9quipe de direction est compos\u00e9e de producteurs et de concepteurs d&#8217;\u00e9v\u00e9nements exp\u00e9riment\u00e9s et diversifi\u00e9s, chacun ayant plus de 15 ans d&#8217;exp\u00e9rience dans le secteur de l&#8217;\u00e9v\u00e9nementiel.<\/p>\n\n\n\n<p>Notre objectif premier est de construire avec nos clients des relations bas\u00e9es sur la confiance mutuelle afin que vous puissiez profiter de votre \u00e9v\u00e9nement comme si vous \u00e9tiez l&#8217;invit\u00e9 de votre propre f\u00eate!<\/p>\n<\/div>\n\n\n\n<div class=\"wp-block-column is-layout-flow wp-block-column-is-layout-flow\" style=\"flex-basis:66.66%\">\n<figure class=\"wp-block-video\"><video height=\"1080\" style=\"aspect-ratio: 1920 \/ 1080;\" width=\"1920\" autoplay muted src=\"https:\/\/next-entertainment.ca\/wp-content\/uploads\/2024\/01\/2.mp4\"><\/video><\/figure>\n<\/div>\n<\/div>\n\n\n\n<div class=\"wp-block-columns is-layout-flex wp-container-core-columns-is-layout-d4010286 wp-block-columns-is-layout-flex\" style=\"padding-top:var(--wp--preset--spacing--40);padding-right:0;padding-bottom:var(--wp--preset--spacing--40);padding-left:0\">\n<div class=\"wp-block-column is-layout-flow wp-block-column-is-layout-flow\" style=\"flex-basis:66.66%\">\n<figure class=\"wp-block-image size-full is-resized\"><img fetchpriority=\"high\" decoding=\"async\" width=\"600\" height=\"402\" src=\"https:\/\/next-entertainment.ca\/wp-content\/uploads\/2024\/02\/planning_organization.png\" alt=\"\" class=\"wp-image-264\" style=\"width:785px;height:auto\" srcset=\"https:\/\/next-entertainment.ca\/wp-content\/uploads\/2024\/02\/planning_organization.png 600w, https:\/\/next-entertainment.ca\/wp-content\/uploads\/2024\/02\/planning_organization-300x201.png 300w\" sizes=\"(max-width: 600px) 100vw, 600px\" \/><\/figure>\n<\/div>\n\n\n\n<div class=\"wp-block-column is-layout-flow wp-block-column-is-layout-flow\" style=\"flex-basis:33.33%\">\n<div style=\"height:104px\" aria-hidden=\"true\" class=\"wp-block-spacer\"><\/div>\n\n\n\n<h2 class=\"wp-block-heading\" style=\"padding-right:40px;font-size:37px\">Notre garantie:<\/h2>\n\n\n\n<p>Nous savons \u00e0 quel point l&#8217;organisation d&#8217;un \u00e9v\u00e9nement peut \u00eatre stressante, c&#8217;est pourquoi nous vous garantissons qu&#8217;en tant que client, nous nous mettrons \u00e0 votre disposition et \u00e0 celle de vos fournisseurs pour r\u00e9pondre \u00e0 toutes vos questions tout au long du processus d&#8217;organisation.<\/p>\n\n\n\n<p><\/p>\n<\/div>\n<\/div>\n\n\n\n<div class=\"wp-block-columns is-layout-flex wp-container-core-columns-is-layout-a5331a9e wp-block-columns-is-layout-flex\" style=\"padding-top:0;padding-right:0;padding-bottom:0;padding-left:0\">\n<div class=\"wp-block-column is-layout-flow wp-block-column-is-layout-flow\" style=\"flex-basis:33.33%\">\n<div style=\"height:44px\" aria-hidden=\"true\" class=\"wp-block-spacer\"><\/div>\n\n\n\n<h2 class=\"wp-block-heading\" style=\"padding-right:40px;font-size:37px\">Notre \u00e9quipe:<\/h2>\n\n\n\n<p>Outre notre \u00e9quipe de gestion, nos artistes et notre personnel de production sont des professionnels de l&#8217;\u00e9v\u00e9nementiel hautement qualifi\u00e9s.<\/p>\n\n\n\n<p>Nos artistes ont particip\u00e9 \u00e0 des \u00e9v\u00e9nements pour un large \u00e9ventail de publics et sont \u00e0 l&#8217;aise avec des foules de toutes tailles et de tous horizons.<\/p>\n\n\n\n<p>Notre personnel de production et nos op\u00e9rateurs comptent parmi les techniciens d&#8217;\u00e9v\u00e9nements les plus exp\u00e9riment\u00e9s de Montr\u00e9al et sont toujours disponibles pour s&#8217;assurer que notre \u00e9quipement haut de gamme fonctionne \u00e0 sa pleine capacit\u00e9.<\/p>\n<\/div>\n\n\n\n<div class=\"wp-block-column is-layout-flow wp-block-column-is-layout-flow\" style=\"flex-basis:66.66%\">\n<figure class=\"wp-block-image size-large is-resized\"><img decoding=\"async\" width=\"1024\" height=\"683\" src=\"https:\/\/next-entertainment.ca\/wp-content\/uploads\/2024\/02\/DSC03562-1024x683.jpg\" alt=\"\" class=\"wp-image-137\" style=\"width:785px;height:auto\" srcset=\"https:\/\/next-entertainment.ca\/wp-content\/uploads\/2024\/02\/DSC03562-1024x683.jpg 1024w, https:\/\/next-entertainment.ca\/wp-content\/uploads\/2024\/02\/DSC03562-300x200.jpg 300w, https:\/\/next-entertainment.ca\/wp-content\/uploads\/2024\/02\/DSC03562-768x512.jpg 768w, https:\/\/next-entertainment.ca\/wp-content\/uploads\/2024\/02\/DSC03562-1536x1024.jpg 1536w, https:\/\/next-entertainment.ca\/wp-content\/uploads\/2024\/02\/DSC03562-2048x1365.jpg 2048w\" sizes=\"(max-width: 1024px) 100vw, 1024px\" \/><\/figure>\n<\/div>\n<\/div>\n\n\n\n<div style=\"height:60px\" aria-hidden=\"true\" class=\"wp-block-spacer\"><\/div>\n","protected":false},"excerpt":{"rendered":"<p>Qui sommes-nous? Notre \u00e9quipe de direction est compos\u00e9e de producteurs et de concepteurs d&#8217;\u00e9v\u00e9nements exp\u00e9riment\u00e9s et diversifi\u00e9s, chacun ayant plus [&hellip;]<\/p>\n","protected":false},"author":1,"featured_media":0,"parent":0,"menu_order":0,"comment_status":"closed","ping_status":"closed","template":"","meta":{"nf_dc_page":"","site-sidebar-layout":"default","site-content-layout":"","ast-site-content-layout":"default","site-content-style":"default","site-sidebar-style":"default","ast-global-header-display":"","ast-banner-title-visibility":"","ast-main-header-display":"","ast-hfb-above-header-display":"","ast-hfb-below-header-display":"","ast-hfb-mobile-header-display":"","site-post-title":"","ast-breadcrumbs-content":"","ast-featured-img":"","footer-sml-layout":"","ast-disable-related-posts":"","theme-transparent-header-meta":"","adv-header-id-meta":"","stick-header-meta":"","header-above-stick-meta":"","header-main-stick-meta":"","header-below-stick-meta":"","astra-migrate-meta-layouts":"default","ast-page-background-enabled":"default","ast-page-background-meta":{"desktop":{"background-color":"var(--ast-global-color-4)","background-image":"","background-repeat":"repeat","background-position":"center center","background-size":"auto","background-attachment":"scroll","background-type":"","background-media":"","overlay-type":"","overlay-color":"","overlay-opacity":"","overlay-gradient":""},"tablet":{"background-color":"","background-image":"","background-repeat":"repeat","background-position":"center center","background-size":"auto","background-attachment":"scroll","background-type":"","background-media":"","overlay-type":"","overlay-color":"","overlay-opacity":"","overlay-gradient":""},"mobile":{"background-color":"","background-image":"","background-repeat":"repeat","background-position":"center center","background-size":"auto","background-attachment":"scroll","background-type":"","background-media":"","overlay-type":"","overlay-color":"","overlay-opacity":"","overlay-gradient":""}},"ast-content-background-meta":{"desktop":{"background-color":"var(--ast-global-color-5)","background-image":"","background-repeat":"repeat","background-position":"center center","background-size":"auto","background-attachment":"scroll","background-type":"","background-media":"","overlay-type":"","overlay-color":"","overlay-opacity":"","overlay-gradient":""},"tablet":{"background-color":"var(--ast-global-color-5)","background-image":"","background-repeat":"repeat","background-position":"center center","background-size":"auto","background-attachment":"scroll","background-type":"","background-media":"","overlay-type":"","overlay-color":"","overlay-opacity":"","overlay-gradient":""},"mobile":{"background-color":"var(--ast-global-color-5)","background-image":"","background-repeat":"repeat","background-position":"center center","background-size":"auto","background-attachment":"scroll","background-type":"","background-media":"","overlay-type":"","overlay-color":"","overlay-opacity":"","overlay-gradient":""}},"pgc_sgb_lightbox_settings":"","footnotes":""},"class_list":["post-472","page","type-page","status-publish","hentry"],"aioseo_notices":[],"_links":{"self":[{"href":"https:\/\/next-entertainment.ca\/fr\/wp-json\/wp\/v2\/pages\/472","targetHints":{"allow":["GET"]}}],"collection":[{"href":"https:\/\/next-entertainment.ca\/fr\/wp-json\/wp\/v2\/pages"}],"about":[{"href":"https:\/\/next-entertainment.ca\/fr\/wp-json\/wp\/v2\/types\/page"}],"author":[{"embeddable":true,"href":"https:\/\/next-entertainment.ca\/fr\/wp-json\/wp\/v2\/users\/1"}],"replies":[{"embeddable":true,"href":"https:\/\/next-entertainment.ca\/fr\/wp-json\/wp\/v2\/comments?post=472"}],"version-history":[{"count":2,"href":"https:\/\/next-entertainment.ca\/fr\/wp-json\/wp\/v2\/pages\/472\/revisions"}],"predecessor-version":[{"id":1168,"href":"https:\/\/next-entertainment.ca\/fr\/wp-json\/wp\/v2\/pages\/472\/revisions\/1168"}],"wp:attachment":[{"href":"https:\/\/next-entertainment.ca\/fr\/wp-json\/wp\/v2\/media?parent=472"}],"curies":[{"name":"wp","href":"https:\/\/api.w.org\/{rel}","templated":true}]}}